{"id":12,"date":"2014-11-23T11:33:06","date_gmt":"2014-11-23T11:33:06","guid":{"rendered":"http:\/\/www.soundundvision.org\/soundundvision\/?page_id=12"},"modified":"2024-08-26T22:39:34","modified_gmt":"2024-08-26T20:39:34","slug":"die-sendung","status":"publish","type":"page","link":"https:\/\/soundundvision.org\/?page_id=12","title":{"rendered":"Die Radiosendung"},"content":{"rendered":"<p>soundundvision &#8211; e<span data-offset-key=\"cidfh-0-0\">ine Radiosendung von Oliver Schaefer f\u00fcr den Lokalsender oldenburg eins <\/span><\/p>\n<div data-contents=\"true\">\n<div class=\"_2cuy _3dgx\" data-block=\"true\" data-editor=\"3ec74\" data-offset-key=\"1qsp9-0-0\">\n<div class=\"_1mf _1mj\" data-offset-key=\"71j68-0-0\">\n<p><span data-offset-key=\"71j68-0-0\"><span class=\"d2edcug0 hpfvmrgz qv66sw1b c1et5uql rrkovp55 a8c37x1j keod5gw0 nxhoafnm aigsh9s9 d3f4x2em fe6kdd0r mau55g9w c8b282yb iv3no6db jq4qci2q a3bd9o3v knj5qynh oo9gr5id hzawbc8m\" dir=\"auto\"><span class=\"d2edcug0 hpfvmrgz qv66sw1b c1et5uql rrkovp55 jq4qci2q a3bd9o3v knj5qynh oo9gr5id hzawbc8m\">Drei sch\u00f6ne Stunden mit Dream Pop, Post-Rock, Shoegaze, Space Disco, Krautrock und elektronischer Musik. Kann Spuren von Indierock, Post-Punk, Trip-Hop, Psychedelia, Italo Disco, Progressive Rock, Ambient, Drones, Noise, Neoklassik, Afrobeat und Jazz enthalten. Dazu kommen noch regelm\u00e4\u00dfige Filmtipps f\u00fcr das Heimkino. <\/span><\/span><\/span><\/p>\n<p>Jeden ersten Montag im Monat ab 20:00 Uhr. \/ The first Monday of every month 20:00 CET.<\/p>\n<p>Auf <span data-offset-key=\"71j68-0-0\">UKW 106,5 in Oldenburg oder \u00fcberall im Stream: <\/span><\/p>\n<p><span data-offset-key=\"71j68-0-0\"><a href=\"http:\/\/www.oeins.de\/radio\/live-stream\/\" target=\"_blank\" rel=\"noopener noreferrer\">http:\/\/www.oeins.de\/radio\/live-stream\/<\/a><\/span><\/p>\n<p>Und die aktuelle Sendungen on demand:<\/p>\n<p><iframe loading=\"lazy\" title=\"Soundundvision\" width=\"200\" height=\"250\" src=\"https:\/\/www.mixcloud.com\/widget\/follow\/?u=https%3A%2F%2Fwww.mixcloud.com%2Fsoundundvision%2F\" frameborder=\"0\"><\/iframe><\/p>\n<\/div>\n<\/div>\n<\/div>\n","protected":false},"excerpt":{"rendered":"<p>soundundvision &#8211; eine Radiosendung von Oliver Schaefer f\u00fcr den Lokalsender oldenburg eins Drei sch\u00f6ne Stunden mit Dream Pop, Post-Rock, Shoegaze, Space Disco, Krautrock und elektronischer [&#8230;]<\/p>\n","protected":false},"author":1,"featured_media":0,"parent":0,"menu_order":0,"comment_status":"closed","ping_status":"open","template":"","meta":{"footnotes":""},"class_list":["post-12","page","type-page","status-publish","hentry"],"_links":{"self":[{"href":"https:\/\/soundundvision.org\/index.php?rest_route=\/wp\/v2\/pages\/12","targetHints":{"allow":["GET"]}}],"collection":[{"href":"https:\/\/soundundvision.org\/index.php?rest_route=\/wp\/v2\/pages"}],"about":[{"href":"https:\/\/soundundvision.org\/index.php?rest_route=\/wp\/v2\/types\/page"}],"author":[{"embeddable":true,"href":"https:\/\/soundundvision.org\/index.php?rest_route=\/wp\/v2\/users\/1"}],"replies":[{"embeddable":true,"href":"https:\/\/soundundvision.org\/index.php?rest_route=%2Fwp%2Fv2%2Fcomments&post=12"}],"version-history":[{"count":0,"href":"https:\/\/soundundvision.org\/index.php?rest_route=\/wp\/v2\/pages\/12\/revisions"}],"wp:attachment":[{"href":"https:\/\/soundundvision.org\/index.php?rest_route=%2Fwp%2Fv2%2Fmedia&parent=12"}],"curies":[{"name":"wp","href":"https:\/\/api.w.org\/{rel}","templated":true}]}}